{"id":129,"date":"2020-02-14T10:59:11","date_gmt":"2020-02-14T10:59:11","guid":{"rendered":"https:\/\/demosites.io\/fitness-gb\/?page_id=129"},"modified":"2025-01-16T17:40:47","modified_gmt":"2025-01-16T14:40:47","slug":"a5213-home","status":"publish","type":"page","link":"https:\/\/istanbulekspertiz.net\/","title":{"rendered":"Anasayfa"},"content":{"rendered":"\n<div id=\"wp-block-themeisle-blocks-advanced-columns-e1ca32e1\" class=\"wp-block-themeisle-blocks-advanced-columns alignfull has-1-columns has-desktop-equal-layout has-tablet-equal-layout has-mobile-equal-layout has-vertical-unset\"><div class=\"wp-block-themeisle-blocks-advanced-columns-overlay\"><\/div><div class=\"innerblocks-wrap\">\n<div id=\"wp-block-themeisle-blocks-advanced-column-65b5ef21\" class=\"wp-block-themeisle-blocks-advanced-column\">\n<h1 id=\"wp-block-themeisle-blocks-advanced-heading-bb0c2df7\" class=\"wp-block-themeisle-blocks-advanced-heading wp-block-themeisle-blocks-advanced-heading-bb0c2df7\"><\/h1>\n\n\n\n<div class=\"wp-block-buttons is-horizontal is-content-justification-center is-layout-flex wp-container-core-buttons-is-layout-499968f5 wp-block-buttons-is-layout-flex\"><\/div>\n\n\n\n<p class=\"has-text-align-center has-white-color has-text-color has-medium-font-size\">\u0130stanbul Evrensel Ekspertiz Web Sayfam\u0131za Ho\u015fgeldiniz<\/p>\n<\/div>\n<\/div><\/div>\n\n\n\n<section id=\"wp-block-themeisle-blocks-advanced-columns-e7931e5c\" class=\"wp-block-themeisle-blocks-advanced-columns alignfull has-2-columns has-desktop-equal-layout has-tablet-equal-layout has-mobile-collapsedRows-layout has-vertical-center\"><div class=\"wp-block-themeisle-blocks-advanced-columns-overlay\"><\/div><div class=\"innerblocks-wrap\">\n<div id=\"wp-block-themeisle-blocks-advanced-column-311d4b3f\" class=\"wp-block-themeisle-blocks-advanced-column\">\n<span id=\"wp-block-themeisle-blocks-advanced-heading-4cfcfe68\" class=\"wp-block-themeisle-blocks-advanced-heading wp-block-themeisle-blocks-advanced-heading-4cfcfe68\"><strong>\u0130stanbul Evrensel Ekspertiz<\/strong><\/span>\n\n\n\n<h2 id=\"wp-block-themeisle-blocks-advanced-heading-9544202b\" class=\"wp-block-themeisle-blocks-advanced-heading wp-block-themeisle-blocks-advanced-heading-9544202b\">Hizmetlerimiz<\/h2>\n\n\n\n<ul class=\"wp-block-list\">\n<li>Motorlu Kara Ara\u00e7lar\u0131 Bran\u015f\u0131nda Sigorta Ekspertiz Hizmetleri<\/li>\n\n\n\n<li>Mahkemelerde Oto Kaza ve Motor Mekanik Bilirki\u015filik Hizmetleri<\/li>\n\n\n\n<li>Finans Kurumlar\u0131 Kara Ara\u00e7lar\u0131 Yeniden De\u011ferleme Hizmetleri<\/li>\n\n\n\n<li>Kredi Finans, Emniyeti Suistimal, Hukuksal Koruma ve Destek Sigortalar\u0131nda Ekspertiz Hizmetleri<\/li>\n\n\n\n<li>Talepte Bulunan \u00d6zel ve T\u00fczel Sigortal\u0131lara, Sigorta Teknik Dan\u0131\u015fmanl\u0131\u011f\u0131 Yapmak, Bu Ama\u00e7la E\u011fitimler&nbsp;Vermek.<\/li>\n<\/ul>\n\n\n\n<div class=\"wp-block-buttons is-layout-flex wp-block-buttons-is-layout-flex\"><\/div>\n<\/div>\n\n\n\n<div id=\"wp-block-themeisle-blocks-advanced-column-49224624\" class=\"wp-block-themeisle-blocks-advanced-column\">\n<figure class=\"wp-block-image size-full is-style-default\"><img loading=\"lazy\" decoding=\"async\" width=\"587\" height=\"493\" src=\"https:\/\/istanbulekspertiz.net\/wp-content\/uploads\/2024\/01\/Ekran-goruntusu-2024-01-15-184015.png\" alt=\"\" class=\"wp-image-267\" srcset=\"https:\/\/istanbulekspertiz.net\/wp-content\/uploads\/2024\/01\/Ekran-goruntusu-2024-01-15-184015.png 587w, https:\/\/istanbulekspertiz.net\/wp-content\/uploads\/2024\/01\/Ekran-goruntusu-2024-01-15-184015-300x252.png 300w\" sizes=\"auto, (max-width: 587px) 100vw, 587px\" \/><\/figure>\n<\/div>\n<\/div><\/section>\n\n\n\n<section id=\"wp-block-themeisle-blocks-advanced-columns-e4373a2b\" class=\"wp-block-themeisle-blocks-advanced-columns alignfull has-1-columns has-desktop-equal-layout has-tablet-equal-layout has-mobile-equal-layout has-vertical-flex-start has-dark-bg\"><div class=\"wp-block-themeisle-blocks-advanced-columns-overlay\"><\/div><div class=\"innerblocks-wrap\">\n<div id=\"wp-block-themeisle-blocks-advanced-column-0b9db5af\" class=\"wp-block-themeisle-blocks-advanced-column\">\n<section id=\"wp-block-themeisle-blocks-advanced-columns-62d68e08\" class=\"wp-block-themeisle-blocks-advanced-columns has-1-columns has-desktop-equal-layout has-tablet-equal-layout has-mobile-equal-layout has-vertical-flex-start\"><div class=\"wp-block-themeisle-blocks-advanced-columns-overlay\"><\/div><div class=\"innerblocks-wrap\">\n<div id=\"wp-block-themeisle-blocks-advanced-column-ba020b38\" class=\"wp-block-themeisle-blocks-advanced-column\">\n<span id=\"wp-block-themeisle-blocks-advanced-heading-f966d336\" class=\"wp-block-themeisle-blocks-advanced-heading wp-block-themeisle-blocks-advanced-heading-f966d336\"><strong><strong>\u0130stanbul Evrensel Ekspertiz<\/strong><\/strong><\/span>\n\n\n\n<h2 id=\"wp-block-themeisle-blocks-advanced-heading-6d6c2f48\" class=\"wp-block-themeisle-blocks-advanced-heading wp-block-themeisle-blocks-advanced-heading-6d6c2f48\">Faaliyetlerimiz<\/h2>\n<\/div>\n<\/div><\/section>\n\n\n\n<section id=\"wp-block-themeisle-blocks-advanced-columns-6fc7adce\" class=\"wp-block-themeisle-blocks-advanced-columns has-3-columns has-desktop-equal-layout has-tablet-equal-layout has-mobile-collapsedRows-layout has-vertical-flex-start\"><div class=\"wp-block-themeisle-blocks-advanced-columns-overlay\"><\/div><div class=\"innerblocks-wrap\">\n<div id=\"wp-block-themeisle-blocks-advanced-column-25e97a9a\" class=\"wp-block-themeisle-blocks-advanced-column\">\n<div id=\"wp-block-themeisle-blocks-font-awesome-icons-d5c7d449\" class=\"wp-block-themeisle-blocks-font-awesome-icons\"><span class=\"wp-block-themeisle-blocks-font-awesome-icons-container\"><i class=\"fas fa-bolt\"><\/i><\/span><\/div>\n\n\n\n<h4 id=\"wp-block-themeisle-blocks-advanced-heading-72a9f7c8\" class=\"wp-block-themeisle-blocks-advanced-heading wp-block-themeisle-blocks-advanced-heading-72a9f7c8\">Hasar Tespiti<\/h4>\n\n\n\n<p class=\"has-text-align-center\">Bir nesnenin veya sistemin \u00fczerinde meydana gelen hasar\u0131n<br>belirlenmesi ve de\u011ferlendirilmesi s\u00fcrecidir<\/p>\n<\/div>\n\n\n\n<div id=\"wp-block-themeisle-blocks-advanced-column-b5b3ad1c\" class=\"wp-block-themeisle-blocks-advanced-column\">\n<div id=\"wp-block-themeisle-blocks-font-awesome-icons-71995a22\" class=\"wp-block-themeisle-blocks-font-awesome-icons\"><span class=\"wp-block-themeisle-blocks-font-awesome-icons-container\"><i class=\"fas fa-spa\"><\/i><\/span><\/div>\n\n\n\n<h4 id=\"wp-block-themeisle-blocks-advanced-heading-067b6e63\" class=\"wp-block-themeisle-blocks-advanced-heading wp-block-themeisle-blocks-advanced-heading-067b6e63\">De\u011fer Kayb\u0131 Tesbiti<\/h4>\n\n\n\n<p id=\"wp-block-themeisle-blocks-advanced-heading-7b136259\" class=\"wp-block-themeisle-blocks-advanced-heading wp-block-themeisle-blocks-advanced-heading-7b136259\">Trafik kazalar\u0131 sonucunda onar\u0131m g\u00f6ren ara\u00e7lar\u0131n ikinci el piyasa de\u011ferlerinde meydana gelen maddi kayb\u0131n belirlenmesidir.<\/p>\n<\/div>\n\n\n\n<div id=\"wp-block-themeisle-blocks-advanced-column-6be03cf4\" class=\"wp-block-themeisle-blocks-advanced-column\">\n<div id=\"wp-block-themeisle-blocks-font-awesome-icons-52fbd165\" class=\"wp-block-themeisle-blocks-font-awesome-icons\"><span class=\"wp-block-themeisle-blocks-font-awesome-icons-container\"><i class=\"fas fa-weight-hanging\"><\/i><\/span><\/div>\n\n\n\n<h4 id=\"wp-block-themeisle-blocks-advanced-heading-57826d4c\" class=\"wp-block-themeisle-blocks-advanced-heading wp-block-themeisle-blocks-advanced-heading-57826d4c\">Bilirki\u015filik hizmetleri<\/h4>\n\n\n\n<p class=\"has-text-align-center\">Rapor uyu\u015fmazl\u0131k<br>durumlar\u0131nda taraflar tahkim<br>kurumuna ba\u015fvururlar.<br>Sigorta Eksperleri tahkim de<br>bilirki\u015filik yaparlar.<\/p>\n<\/div>\n<\/div><\/section>\n<\/div>\n<\/div><\/section>\n\n\n\n<div id=\"wp-block-themeisle-blocks-advanced-columns-dcdf867f\" class=\"wp-block-themeisle-blocks-advanced-columns alignfull has-3-columns has-desktop-oneThreeOne-layout has-tablet-oneThreeOne-layout has-mobile-collapsedRows-layout has-vertical-unset\"><div class=\"wp-block-themeisle-blocks-advanced-columns-overlay\"><\/div><div class=\"innerblocks-wrap\">\n<div id=\"wp-block-themeisle-blocks-advanced-column-7926a412\" class=\"wp-block-themeisle-blocks-advanced-column\">\n<p><\/p>\n<\/div>\n\n\n\n<div id=\"wp-block-themeisle-blocks-advanced-column-f5da0fd6\" class=\"wp-block-themeisle-blocks-advanced-column has-light-bg\">\n<span id=\"wp-block-themeisle-blocks-advanced-heading-67162389\" class=\"wp-block-themeisle-blocks-advanced-heading wp-block-themeisle-blocks-advanced-heading-67162389\"><strong>Sigorta Eksperi Tan\u0131m\u0131<\/strong><\/span>\n\n\n\n<p class=\"has-text-align-center\">Sigorta konusu risklerin ger\u00e7ekle\u015fmesi sonucunda ortaya \u00e7\u0131kan kay\u0131p ve<br>hasarlar\u0131n miktar\u0131n\u0131, nedenlerini ve niteliklerini belirleyen ve mutabakatl\u0131<br>k\u0131ymet tespiti, \u00f6n ekspertiz ve hasar g\u00f6zetimi gibi i\u015fleri mutad meslek olarak<br>yapan tarafs\u0131z ve ba\u011f\u0131ms\u0131z ki\u015fidir. Ba\u015fka bir deyi\u015fle m\u00fcnhas\u0131ran bu i\u015fi<br>yapan ki\u015fidir<\/p>\n\n\n\n<p class=\"has-very-light-gray-to-cyan-bluish-gray-gradient-background has-background\"><strong>Ekspertiz,<\/strong> Bir mal\u0131n al\u0131m sat\u0131m i\u015flemi \u00f6ncesinde o mal\u0131n de\u011ferine ya da sigorta, s\u00fcre\u00e7lerinde olu\u015fan hasarlar\u0131n tespitine ili\u015fkin yap\u0131lan de\u011ferleme i\u015flemine ekspertiz denir.<\/p>\n\n\n\n<p class=\"has-very-light-gray-to-cyan-bluish-gray-gradient-background has-background\"><strong>Ekspertiz Raporu,<\/strong> \u0130htiya\u00e7lar ve talepler do\u011frultusunda alan\u0131nda bran\u015fla\u015fm\u0131\u015f Sigorta Eksperleri taraf\u0131ndan yap\u0131lan incelemeler ve analizler sonucunda haz\u0131rlanan belgeye ise ekspertiz raporu denir.<\/p>\n<\/div>\n\n\n\n<div id=\"wp-block-themeisle-blocks-advanced-column-6d4b7143\" class=\"wp-block-themeisle-blocks-advanced-column\">\n<p>.<\/p>\n<\/div>\n<\/div><\/div>\n\n\n\n<section id=\"wp-block-themeisle-blocks-advanced-columns-ee198567\" class=\"wp-block-themeisle-blocks-advanced-columns alignfull has-1-columns has-desktop-equal-layout has-tablet-equal-layout has-mobile-equal-layout has-vertical-flex-start\"><div class=\"wp-block-themeisle-blocks-advanced-columns-overlay\"><\/div><div class=\"innerblocks-wrap\">\n<div id=\"wp-block-themeisle-blocks-advanced-column-9e0840af\" class=\"wp-block-themeisle-blocks-advanced-column\">\n<section id=\"wp-block-themeisle-blocks-advanced-columns-07718635\" class=\"wp-block-themeisle-blocks-advanced-columns has-1-columns has-desktop-equal-layout has-tablet-equal-layout has-mobile-equal-layout has-vertical-flex-start\"><div class=\"wp-block-themeisle-blocks-advanced-columns-overlay\"><\/div><div class=\"innerblocks-wrap\">\n<div id=\"wp-block-themeisle-blocks-advanced-column-fe410e14\" class=\"wp-block-themeisle-blocks-advanced-column\">\n<span id=\"wp-block-themeisle-blocks-advanced-heading-33f8626a\" class=\"wp-block-themeisle-blocks-advanced-heading wp-block-themeisle-blocks-advanced-heading-33f8626a\"><strong>\u0130stanbul Evrensel Ekspertiz<\/strong><\/span>\n\n\n\n<h2 id=\"wp-block-themeisle-blocks-advanced-heading-7f910219\" class=\"wp-block-themeisle-blocks-advanced-heading wp-block-themeisle-blocks-advanced-heading-7f910219\">Galeri<\/h2>\n\n\n\n<figure class=\"wp-block-gallery has-nested-images columns-6 is-cropped wp-block-gallery-1 is-layout-flex wp-block-gallery-is-layout-flex\">\n<figure class=\"wp-block-image size-large\"><img loading=\"lazy\" decoding=\"async\" width=\"300\" height=\"168\" data-id=\"287\" src=\"https:\/\/istanbulekspertiz.net\/wp-content\/uploads\/2024\/01\/WhatsApp-Gorsel-2024-01-16-saat-07.23.23_e8e80939.jpg\" alt=\"\" class=\"wp-image-287\"\/><\/figure>\n\n\n\n<figure class=\"wp-block-image size-large\"><img loading=\"lazy\" decoding=\"async\" width=\"400\" height=\"263\" data-id=\"373\" src=\"https:\/\/istanbulekspertiz.net\/wp-content\/uploads\/2024\/01\/WhatsApp-Gorsel-2024-01-17-saat-21.57.27_5b0bc429.jpg\" alt=\"\" class=\"wp-image-373\" srcset=\"https:\/\/istanbulekspertiz.net\/wp-content\/uploads\/2024\/01\/WhatsApp-Gorsel-2024-01-17-saat-21.57.27_5b0bc429.jpg 400w, https:\/\/istanbulekspertiz.net\/wp-content\/uploads\/2024\/01\/WhatsApp-Gorsel-2024-01-17-saat-21.57.27_5b0bc429-300x197.jpg 300w\" sizes=\"auto, (max-width: 400px) 100vw, 400px\" \/><\/figure>\n\n\n\n<figure class=\"wp-block-image size-large\"><img loading=\"lazy\" decoding=\"async\" width=\"400\" height=\"225\" data-id=\"286\" src=\"https:\/\/istanbulekspertiz.net\/wp-content\/uploads\/2024\/01\/WhatsApp-Gorsel-2024-01-16-saat-07.12.33_fa90304a.jpg\" alt=\"\" class=\"wp-image-286\" srcset=\"https:\/\/istanbulekspertiz.net\/wp-content\/uploads\/2024\/01\/WhatsApp-Gorsel-2024-01-16-saat-07.12.33_fa90304a.jpg 400w, https:\/\/istanbulekspertiz.net\/wp-content\/uploads\/2024\/01\/WhatsApp-Gorsel-2024-01-16-saat-07.12.33_fa90304a-300x169.jpg 300w\" sizes=\"auto, (max-width: 400px) 100vw, 400px\" \/><\/figure>\n\n\n\n<figure class=\"wp-block-image size-large\"><img loading=\"lazy\" decoding=\"async\" width=\"278\" height=\"182\" data-id=\"390\" src=\"https:\/\/istanbulekspertiz.net\/wp-content\/uploads\/2024\/01\/WhatsApp-Gorsel-2024-01-17-saat-22.41.33_263f846c.jpg\" alt=\"\" class=\"wp-image-390\"\/><\/figure>\n<\/figure>\n<\/div>\n<\/div><\/section>\n<\/div>\n<\/div><\/section>\n\n\n\n<section id=\"wp-block-themeisle-blocks-advanced-columns-9676700d\" class=\"wp-block-themeisle-blocks-advanced-columns alignfull has-1-columns has-desktop-equal-layout has-tablet-equal-layout has-mobile-equal-layout has-vertical-flex-start\"><div class=\"wp-block-themeisle-blocks-advanced-columns-overlay\"><\/div><div class=\"innerblocks-wrap\">\n<div id=\"wp-block-themeisle-blocks-advanced-column-70865a0d\" class=\"wp-block-themeisle-blocks-advanced-column\">\n<section id=\"wp-block-themeisle-blocks-advanced-columns-c08e157b\" class=\"wp-block-themeisle-blocks-advanced-columns has-1-columns has-desktop-equal-layout has-tablet-equal-layout has-mobile-equal-layout has-vertical-flex-start\"><div class=\"wp-block-themeisle-blocks-advanced-columns-overlay\"><\/div><div class=\"innerblocks-wrap\">\n<div id=\"wp-block-themeisle-blocks-advanced-column-c14befb0\" class=\"wp-block-themeisle-blocks-advanced-column\">\n<span id=\"wp-block-themeisle-blocks-advanced-heading-47be13d0\" class=\"wp-block-themeisle-blocks-advanced-heading wp-block-themeisle-blocks-advanced-heading-47be13d0\"><strong>\u0130stanbul Evrensel Ekspertiz<\/strong><\/span>\n\n\n\n<h2 id=\"wp-block-themeisle-blocks-advanced-heading-82b0ebe2\" class=\"wp-block-themeisle-blocks-advanced-heading wp-block-themeisle-blocks-advanced-heading-82b0ebe2\">\u00d6nemli Linkler<\/h2>\n\n\n\n<figure class=\"wp-block-gallery has-nested-images columns-6 is-cropped wp-block-gallery-2 is-layout-flex wp-block-gallery-is-layout-flex\">\n<figure class=\"wp-block-image size-large\"><a href=\"https:\/\/www.tsb.org.tr\/\"><img loading=\"lazy\" decoding=\"async\" width=\"900\" height=\"900\" data-id=\"325\" src=\"https:\/\/istanbulekspertiz.net\/wp-content\/uploads\/2024\/01\/channels4_profile-1.jpg\" alt=\"\" class=\"wp-image-325\" srcset=\"https:\/\/istanbulekspertiz.net\/wp-content\/uploads\/2024\/01\/channels4_profile-1.jpg 900w, https:\/\/istanbulekspertiz.net\/wp-content\/uploads\/2024\/01\/channels4_profile-1-300x300.jpg 300w, https:\/\/istanbulekspertiz.net\/wp-content\/uploads\/2024\/01\/channels4_profile-1-150x150.jpg 150w, https:\/\/istanbulekspertiz.net\/wp-content\/uploads\/2024\/01\/channels4_profile-1-768x768.jpg 768w\" sizes=\"auto, (max-width: 900px) 100vw, 900px\" \/><\/a><\/figure>\n\n\n\n<figure class=\"wp-block-image size-large\"><a href=\"http:\/\/www.eksperlerdernegi.com\/tr\/default.html\"><img loading=\"lazy\" decoding=\"async\" width=\"260\" height=\"260\" data-id=\"318\" src=\"https:\/\/istanbulekspertiz.net\/wp-content\/uploads\/2024\/01\/unnamed-2.png\" alt=\"\" class=\"wp-image-318\" srcset=\"https:\/\/istanbulekspertiz.net\/wp-content\/uploads\/2024\/01\/unnamed-2.png 260w, https:\/\/istanbulekspertiz.net\/wp-content\/uploads\/2024\/01\/unnamed-2-150x150.png 150w\" sizes=\"auto, (max-width: 260px) 100vw, 260px\" \/><\/a><\/figure>\n\n\n\n<figure class=\"wp-block-image size-large\"><a href=\"https:\/\/www.turkiye.gov.tr\/\"><img loading=\"lazy\" decoding=\"async\" width=\"310\" height=\"163\" data-id=\"317\" src=\"https:\/\/istanbulekspertiz.net\/wp-content\/uploads\/2024\/01\/turkiyegovtr-61506b4c-1690-4bb9-8aa1-255ba41a3c49-2.jpg\" alt=\"\" class=\"wp-image-317\" srcset=\"https:\/\/istanbulekspertiz.net\/wp-content\/uploads\/2024\/01\/turkiyegovtr-61506b4c-1690-4bb9-8aa1-255ba41a3c49-2.jpg 310w, https:\/\/istanbulekspertiz.net\/wp-content\/uploads\/2024\/01\/turkiyegovtr-61506b4c-1690-4bb9-8aa1-255ba41a3c49-2-300x158.jpg 300w\" sizes=\"auto, (max-width: 310px) 100vw, 310px\" \/><\/a><\/figure>\n\n\n\n<figure class=\"wp-block-image size-large\"><a href=\"https:\/\/www.segem.org.tr\/\"><img loading=\"lazy\" decoding=\"async\" width=\"184\" height=\"84\" data-id=\"316\" src=\"https:\/\/istanbulekspertiz.net\/wp-content\/uploads\/2024\/01\/segem-2.gif\" alt=\"\" class=\"wp-image-316\"\/><\/a><\/figure>\n\n\n\n<figure class=\"wp-block-image size-large\"><a href=\"https:\/\/www.tobb.org.tr\/Sayfalar\/AnaSayfa.php\"><img loading=\"lazy\" decoding=\"async\" width=\"1024\" height=\"1024\" data-id=\"314\" src=\"https:\/\/istanbulekspertiz.net\/wp-content\/uploads\/2024\/01\/logotr-2-1024x1024.png\" alt=\"\" class=\"wp-image-314\" srcset=\"https:\/\/istanbulekspertiz.net\/wp-content\/uploads\/2024\/01\/logotr-2-1024x1024.png 1024w, https:\/\/istanbulekspertiz.net\/wp-content\/uploads\/2024\/01\/logotr-2-300x300.png 300w, https:\/\/istanbulekspertiz.net\/wp-content\/uploads\/2024\/01\/logotr-2-150x150.png 150w, https:\/\/istanbulekspertiz.net\/wp-content\/uploads\/2024\/01\/logotr-2-768x768.png 768w, https:\/\/istanbulekspertiz.net\/wp-content\/uploads\/2024\/01\/logotr-2-1536x1536.png 1536w, https:\/\/istanbulekspertiz.net\/wp-content\/uploads\/2024\/01\/logotr-2.png 1891w\" sizes=\"auto, (max-width: 1024px) 100vw, 1024px\" \/><\/a><\/figure>\n\n\n\n<figure class=\"wp-block-image size-large\"><a href=\"https:\/\/www.sbm.org.tr\/\"><img loading=\"lazy\" decoding=\"async\" width=\"1000\" height=\"419\" data-id=\"313\" src=\"https:\/\/istanbulekspertiz.net\/wp-content\/uploads\/2024\/01\/logo-buyuk-2.png\" alt=\"\" class=\"wp-image-313\" srcset=\"https:\/\/istanbulekspertiz.net\/wp-content\/uploads\/2024\/01\/logo-buyuk-2.png 1000w, https:\/\/istanbulekspertiz.net\/wp-content\/uploads\/2024\/01\/logo-buyuk-2-300x126.png 300w, https:\/\/istanbulekspertiz.net\/wp-content\/uploads\/2024\/01\/logo-buyuk-2-768x322.png 768w\" sizes=\"auto, (max-width: 1000px) 100vw, 1000px\" \/><\/a><\/figure>\n<\/figure>\n<\/div>\n<\/div><\/section>\n<\/div>\n<\/div><\/section>\n\n\n\n<section id=\"wp-block-themeisle-blocks-advanced-columns-88d2ee48\" class=\"wp-block-themeisle-blocks-advanced-columns alignfull has-2-columns has-desktop-equal-layout has-tablet-equal-layout has-mobile-collapsedRows-layout has-vertical-center\"><div class=\"wp-block-themeisle-blocks-advanced-columns-overlay\"><\/div><div class=\"innerblocks-wrap\">\n<div id=\"wp-block-themeisle-blocks-advanced-column-246c5eb4\" class=\"wp-block-themeisle-blocks-advanced-column\">\n<span id=\"wp-block-themeisle-blocks-advanced-heading-4cdba9ae\" class=\"wp-block-themeisle-blocks-advanced-heading wp-block-themeisle-blocks-advanced-heading-4cdba9ae\"><strong><strong>\u0130stanbul Evrensel Ekspertiz<\/strong><\/strong><\/span>\n\n\n\n<h2 id=\"wp-block-themeisle-blocks-advanced-heading-de97145d\" class=\"wp-block-themeisle-blocks-advanced-heading wp-block-themeisle-blocks-advanced-heading-de97145d\">\u0130leti\u015fim<\/h2>\n\n\n\n<p><strong>\u0130stanbul Evrensel Ekspertiz Hizmetleri Ltd. \u015eti.<\/strong><br>Kartaltepe Mahallesi Ayd\u0131nlar Sokak No:31 Kardelen Apartman\u0131 D1<br>PK 34295 Sefak\u00f6y<br>K\u00fc\u00e7\u00fck\u00e7ekmece&nbsp;\/&nbsp;\u0130stanbul<\/p>\n\n\n\n<span id=\"wp-block-themeisle-blocks-advanced-heading-e867de30\" class=\"wp-block-themeisle-blocks-advanced-heading wp-block-themeisle-blocks-advanced-heading-e867de30\">\u260e <strong>Telefon : <a href=\"tel:2125550262\">0212 555 02 62<\/a><\/strong><\/span>\n\n\n\n<span id=\"wp-block-themeisle-blocks-advanced-heading-f75029e0\" class=\"wp-block-themeisle-blocks-advanced-heading wp-block-themeisle-blocks-advanced-heading-f75029e0\">\ud83d\udcf1<strong>Whatsaap Business: <a href=\"https:\/\/wa.me\/5358687008\" target=\"_blank\" rel=\"noreferrer noopener\">0538 868 70 08<\/a><\/strong><\/span>\n\n\n\n<span id=\"wp-block-themeisle-blocks-advanced-heading-f52228a1\" class=\"wp-block-themeisle-blocks-advanced-heading wp-block-themeisle-blocks-advanced-heading-f52228a1\">\ud83d\udce7 <strong>Mail : <a href=\"mailto:info@istanbulekspertiz.net\">info@istanbulekspertiz.net<\/a><\/strong><\/span>\n<\/div>\n\n\n\n<div id=\"wp-block-themeisle-blocks-advanced-column-d8dc3166\" class=\"wp-block-themeisle-blocks-advanced-column\">\n<figure class=\"wp-block-image size-large\"><img loading=\"lazy\" decoding=\"async\" width=\"600\" height=\"600\" src=\"https:\/\/istanbulekspertiz.net\/wp-content\/uploads\/2019\/07\/neve-gym-demo-01.jpg\" alt=\"\" class=\"wp-image-90\" srcset=\"https:\/\/istanbulekspertiz.net\/wp-content\/uploads\/2019\/07\/neve-gym-demo-01.jpg 600w, https:\/\/istanbulekspertiz.net\/wp-content\/uploads\/2019\/07\/neve-gym-demo-01-300x300.jpg 300w, https:\/\/istanbulekspertiz.net\/wp-content\/uploads\/2019\/07\/neve-gym-demo-01-150x150.jpg 150w\" sizes=\"auto, (max-width: 600px) 100vw, 600px\" \/><\/figure>\n<\/div>\n<\/div><\/section>\n","protected":false},"excerpt":{"rendered":"","protected":false},"author":1,"featured_media":0,"parent":0,"menu_order":0,"comment_status":"closed","ping_status":"closed","template":"page-templates\/template-pagebuilder-full-width.php","meta":{"neve_meta_sidebar":"full-width","neve_meta_container":"","neve_meta_enable_content_width":"on","neve_meta_content_width":100,"neve_meta_title_alignment":"","neve_meta_author_avatar":"","neve_post_elements_order":"","neve_meta_disable_header":"","neve_meta_disable_footer":"","neve_meta_disable_title":"","_themeisle_gutenberg_block_has_review":false,"footnotes":""},"class_list":["post-129","page","type-page","status-publish","hentry"],"_links":{"self":[{"href":"https:\/\/istanbulekspertiz.net\/index.php?rest_route=\/wp\/v2\/pages\/129","targetHints":{"allow":["GET"]}}],"collection":[{"href":"https:\/\/istanbulekspertiz.net\/index.php?rest_route=\/wp\/v2\/pages"}],"about":[{"href":"https:\/\/istanbulekspertiz.net\/index.php?rest_route=\/wp\/v2\/types\/page"}],"author":[{"embeddable":true,"href":"https:\/\/istanbulekspertiz.net\/index.php?rest_route=\/wp\/v2\/users\/1"}],"replies":[{"embeddable":true,"href":"https:\/\/istanbulekspertiz.net\/index.php?rest_route=%2Fwp%2Fv2%2Fcomments&post=129"}],"version-history":[{"count":69,"href":"https:\/\/istanbulekspertiz.net\/index.php?rest_route=\/wp\/v2\/pages\/129\/revisions"}],"predecessor-version":[{"id":402,"href":"https:\/\/istanbulekspertiz.net\/index.php?rest_route=\/wp\/v2\/pages\/129\/revisions\/402"}],"wp:attachment":[{"href":"https:\/\/istanbulekspertiz.net\/index.php?rest_route=%2Fwp%2Fv2%2Fmedia&parent=129"}],"curies":[{"name":"wp","href":"https:\/\/api.w.org\/{rel}","templated":true}]}}